{"id":68,"date":"2020-06-20T17:24:23","date_gmt":"2020-06-20T17:24:23","guid":{"rendered":"https:\/\/msir.ro?page_id=68"},"modified":"2022-08-03T17:59:09","modified_gmt":"2022-08-03T15:59:09","slug":"about","status":"publish","type":"page","link":"https:\/\/msir.ro\/ro\/about\/","title":{"rendered":"Despre noi"},"content":{"rendered":"<div data-elementor-type=\"wp-page\" data-elementor-id=\"68\" class=\"elementor elementor-68\">\n\t\t\t\t\t\t<section class=\"elementor-section elementor-top-section elementor-element elementor-element-e0c9e07 elementor-section-stretched elementor-section-full_width elementor-section-height-default elementor-section-height-default\" data-id=\"e0c9e07\" data-element_type=\"section\" data-settings=\"{&quot;stretch_section&quot;:&quot;section-stretched&quot;}\">\n\t\t\t\t\t\t<div class=\"elementor-container elementor-column-gap-default\">\n\t\t\t\t\t<div class=\"elementor-column elementor-col-100 elementor-top-column elementor-element elementor-element-51af47f\" data-id=\"51af47f\" data-element_type=\"column\">\n\t\t\t<div class=\"elementor-widget-wrap elementor-element-populated\">\n\t\t\t\t\t\t<div class=\"elementor-element elementor-element-2d92bf2 animated-slow elementor-widget elementor-widget-carneshop_about_two\" data-id=\"2d92bf2\" data-element_type=\"widget\" data-settings=\"{&quot;_animation&quot;:&quot;none&quot;}\" data-widget_type=\"carneshop_about_two.default\">\n\t\t\t\t<div class=\"elementor-widget-container\">\n\t\t\t\t\t\t\t<section class=\"about-style-two alternate-2 bg-color-3\">\n\t<div class=\"auto-container\">\n\t\t<div class=\"row align-items-center clearfix\">\n\t\t\t<div class=\"col-lg-6 col-md-12 col-sm-12 image-column\">\n\t\t\t\t<div id=\"image_block_1\">\n\t\t\t\t\t<div class=\"image-box\">\n\t\t\t\t\t\t\t\t\t<figure class=\"image image-1\">\n\t\t\t\t<img fetchpriority=\"high\" decoding=\"async\" width=\"1430\" height=\"1022\" src=\"https:\/\/msir.ro\/wp-content\/uploads\/2022\/08\/Picture1-1.jpg\" class=\"attachment-full size-full\" alt=\"\" \/>\t\t\t\t\t\t<\/figure>\n\t\t\t\t\t\t\t\t<\/div>\n\t\t\t\t<\/div>\n\t\t\t<\/div>\n\t\t\t<div class=\"col-lg-6 col-md-12 col-sm-12 content-column\">\n\t\t\t\t<div id=\"content_block_2\">\n\t\t\t\t\t<div class=\"content-box light\">\n\t\t\t\t\t\t<div class=\"sec-title light style-two\">\n\t\t\t\t\t\t\t<span><\/span>\n\t\t\t\t\t\t\t<h2>Despre noi<\/h2>\n\t\t\t\t\t\t<\/div>\n\t\t\t\t\t\t<div class=\"text\">\n\t\t\t\t\t\t\t<p>M&amp;R S.R.L. este o companie cu capital integral romanesc, infiintata in anul 1993, care s-a concentrat pe productia, distributia si comercializarea produselor \u0219i preparatelor din carne.\nBaz\u00e2ndu-se pe o dotare tehnica moderna si av\u00e2nd in vedere seriozitatea, flexibilitatea si profesionalismul personalului, societatea produce si livreaza o gama larga de produse, acoperind sortimente variate, ca: preparate traditionale, specialitati, salamuri, afumaturi, cruditati, carnati, semipreparate.\n\nIncepand cu aprilie 2007, unitatea a fost omologata ca firma europeana ce indeplineste toate cerintele de igiena si calitate cerute de normele europene, fiind printre primele unitati omologate din Romania, cu numarul 117 EC.\n\nTotodata, a implementat un program de retehnologizare, toate acestea permitand realizarea de produse si servicii la standardele impuse de U.E.\n\nDin dorinta permanenta de a satisface cerintele clientilor, compania a implementat Sistemul Integrat de Management al Calitatii si Securitatii Alimentelor conform standardelor SR EN 9001:2001 si schemei FSSC 22000:2011-SR EN ISO 22000 : 2005 \u0219i ISO\/TS 22002-1: 2009. Aceste certific\u0103ri au precedat recunoa\u0219terea european\u0103 a companiei, concretizat\u0103 prin ob\u021binerea autoriza\u021biilor sanitar-veterinare pentru schimburi intracomunitare av\u00e2nd num\u0103rul 117 CE \u00een aprilie 2007.\n\nPentru a oferi clientilor actuali si celor potentiali, produse competitive, societatea noastra colaboreaza cu furnizori de materii prime si materiale auxiliare care sunt parteneri de incredere, cunoscuti in domeniu. \nAstfel, cu investi\u021bii \u00een valoare total\u0103 de 1 milion de euro, au fost \u00eendeplinite toate condi\u021biile necesare pentru producerea \u0219i distribu\u021bia preparatelor din carne la cele mai \u00eenalte standarde, adres\u00e2ndu-se consumatorilor din Rom\u00e2nia, precum \u0219i celor din statele membre UE, \u00een principal unde exist\u0103 comunit\u0103\u021bi de rom\u00e2ni.<\/p>\n\t\t\t\t\t\t<\/div>\n\t\t\t\t\t\t<ul class=\"list clearfix\">\n\t\t\t\n\t\t\t\t\t\t\t<li>\n\t\t\t\t\t\t\t\t\t\t\t\t\t\t\t<\/li>\n\t\t\t\t\t\t\t\t\t<\/ul>\n\t\t\t\t\t\t<div class=\"link-box\"><a href=\"https:\/\/magazin.msir.ro\/\" target=\"_blank\" rel=\"nofollow\"><i\n\t\t\t\t\t\t\t\t\tclass=\"flaticon-right\"><\/i><\/a><\/div>\n\t\t\t\t\t<\/div>\n\t\t\t\t<\/div>\n\t\t\t<\/div>\n\t\t<\/div>\n\t<\/div>\n<\/section>\n\t\t\t\t\t\t\t\t<\/div>\n\t\t\t\t<\/div>\n\t\t\t\t<div class=\"elementor-element elementor-element-643861a elementor-widget elementor-widget-carneshop_about\" data-id=\"643861a\" data-element_type=\"widget\" data-widget_type=\"carneshop_about.default\">\n\t\t\t\t<div class=\"elementor-widget-container\">\n\t\t\t\t\t<section class=\"about-section sec-pad\">\n\t<div class=\"auto-container\">\n\t\t<div class=\"inner-container clearfix\">\n\t\t\t<div class=\"row clearfix\">\n\t\t\t\t<div class=\"col-lg-6 col-md-6 col-sm-12 video-column\">\n\t\t\t\t\t<div id=\"video_block_1\">\n\t\t\t\t\t\t<div class=\"video-inner\" style=\"background-image: url(https:\/\/msir.ro\/wp-content\/uploads\/2022\/03\/228807312_111136854599491_580672592623069611_n.jpg);\">\n\t\t\t\t\t\t\t<a href=\"https:\/\/www.youtube.com\/watch?v=b8jTBus5RjM\" target=\"_blank\" rel=\"nofollow\"\t\t\t\t\t\t\t\tclass=\"lightbox-image video-btn\" data-caption=\"\"><i class=\"fas fa-play\"><\/i><\/a>\n\t\t\t\t\t\t<\/div>\n\t\t\t\t\t<\/div>\n\t\t\t\t<\/div>\n\t\t\t\t<div class=\"col-lg-6 col-md-6 col-sm-12 content-column\">\n\t\t\t\t\t<div id=\"content_block_1\">\n\t\t\t\t\t\t<div class=\"content-box\">\n\t\t\t\t\t\t\t<div class=\"sec-title\">\n\t\t\t\t\t\t\t\t<span>Despre noi<\/span>\n\t\t\t\t\t\t\t\t<h2>Oferim legume proaspete<\/h2>\n\t\t\t\t\t\t\t<\/div>\n\t\t\t\t\t\t\t<div class=\"text\">\n\t\t\t\t\t\t\t\t<p>Cele mai moderne sere din regiunea de nord-est a Rom\u00e2niei, se intind pe o suprafa\u021b\u0103 de 1,5 ha, solul fiind unul dintre cele mai bune soluri pentru agricultur\u0103.<\/p>\n\t\t\t\t\t\t\t<\/div>\n\t\t\t\t\t\t\t<ul class=\"list clearfix\">\n\t\t\t\t\t\t\t\t<li>100% Proasp\u0103t <\/li>\n<li>M\u0103n\u00e2nc\u0103 s\u0103n\u0103tos, tr\u0103ie\u0219te fericit!<\/li>\t\t\t\t\t\t\t<\/ul>\n\t\t\t\t\t\t\t<div class=\"btn-box\">\n\t\t\t\t\t\t\t\t<a href=\"#\" target=\"_blank\" rel=\"nofollow\"\t\t\t\t\t\t\t\t\tclass=\"theme-btn\">Vezi mai mult<i\n\t\t\t\t\t\t\t\t\t\tclass=\"fas fa-long-arrow-alt-right\"><\/i><\/a>\n\t\t\t\t\t\t\t<\/div>\n\t\t\t\t\t\t<\/div>\n\t\t\t\t\t<\/div>\n\t\t\t\t<\/div>\n\t\t\t<\/div>\n\t\t<\/div>\n\t<\/div>\n<\/section>\n\t\t\t\t\t\t<\/div>\n\t\t\t\t<\/div>\n\t\t\t\t<div class=\"elementor-element elementor-element-9f581e3 elementor-widget elementor-widget-carneshop_service\" data-id=\"9f581e3\" data-element_type=\"widget\" data-widget_type=\"carneshop_service.default\">\n\t\t\t\t<div class=\"elementor-widget-container\">\n\t\t\t\t\t\t\t<section class=\"service-section bg-color-1\">\n\t<div class=\"icon-layer\"><\/div>\n\t<div class=\"auto-container\">\n\t\t\t\t\t<div class=\"sec-title text-center\">\n\t\t\t<span>Ce facem<\/span>\n\t\t\t<h2><\/h2>\n\t\t<\/div>\n\t\t\t\t\t\t\t\t<div class=\"row clearfix\">\n\t\t\t\t\t\t\t\t\t\t\t\t\t<div class=\"col-lg-4 col-md-6 col-sm-12 service-block\">\n\t\t\t<div class=\"service-block-one wow fadeInUp animated animated\" data-wow-delay=\"00ms\"\n\t\t\t\t\tdata-wow-duration=\"1500ms\">\n\t\t\t\t\t\t\t\t\t<div class=\"inner-box\">\n\t\t\t\t\t\t<div class=\"icon-box\">\n\t\t\t\t\t\t\t\t\t\t\t\t\t<i aria-hidden=\"true\" class=\"flaticon-salami\"><\/i>\t\t\t\t\t\t<\/div>\n\t\t\t\t\t\t<h3><a\n\t\t\t\t\t\t\t\thref=\"#\">Produse din carne<\/a>\n\t\t\t\t\t\t<\/h3>\n\t\t\t\t\t\t<p>Oferim c\u00e2te ceva pentru toat\u0103 lumea: picant, fiert, uscat sau afumat... posibilit\u0103\u021bile sunt nesf\u00e2r\u0219ite! <\/p>\n\t\t\t\t\t\t<div class=\"btn-box\">\n\t\t\t\t\t\t\t<a href=\"#\"\n\t\t\t\t\t\t\t\tclass=\"theme-btn\">Citeste mai mult<\/a>\n\t\t\t\t\t\t<\/div>\n\t\t\t\t\t<\/div>\n\t\t\t\t<\/div>\n\t\t\t<\/div>\n\t\t\t\t\t\t\t\t\t\t<div class=\"col-lg-4 col-md-6 col-sm-12 service-block\">\n\t\t\t<div class=\"service-block-one wow fadeInUp animated animated\" data-wow-delay=\"00ms\"\n\t\t\t\t\tdata-wow-duration=\"1500ms\">\n\t\t\t\t\t\t\t\t\t<div class=\"inner-box\">\n\t\t\t\t\t\t<div class=\"icon-box\">\n\t\t\t\t\t\t\t\t\t\t\t\t\t<i aria-hidden=\"true\" class=\"fas fa-seedling\"><\/i>\t\t\t\t\t\t<\/div>\n\t\t\t\t\t\t<h3><a\n\t\t\t\t\t\t\t\thref=\"#\">Legume Proaspete<\/a>\n\t\t\t\t\t\t<\/h3>\n\t\t\t\t\t\t<p>Alege cele mai proaspete produse. Legumele sunt unul dintre multele ingrediente cheie pentru men\u021binerea unui stil de via\u021b\u0103 s\u0103n\u0103tos.<\/p>\n\t\t\t\t\t\t<div class=\"btn-box\">\n\t\t\t\t\t\t\t<a href=\"#\"\n\t\t\t\t\t\t\t\tclass=\"theme-btn\">Citeste mai mult<\/a>\n\t\t\t\t\t\t<\/div>\n\t\t\t\t\t<\/div>\n\t\t\t\t<\/div>\n\t\t\t<\/div>\n\t\t\t\t\t\t\t\t\t\t<div class=\"col-lg-4 col-md-6 col-sm-12 service-block\">\n\t\t\t<div class=\"service-block-one wow fadeInUp animated animated\" data-wow-delay=\"00ms\"\n\t\t\t\t\tdata-wow-duration=\"1500ms\">\n\t\t\t\t\t\t\t\t\t<div class=\"inner-box\">\n\t\t\t\t\t\t<div class=\"icon-box\">\n\t\t\t\t\t\t\t\t\t\t\t\t\t<i aria-hidden=\"true\" class=\"fas fa-apple-alt\"><\/i>\t\t\t\t\t\t<\/div>\n\t\t\t\t\t\t<h3><a\n\t\t\t\t\t\t\t\thref=\"#\">Doldora<\/a>\n\t\t\t\t\t\t<\/h3>\n\t\t\t\t\t\t<p>Produs din pulp\u0103 de fructe sau din legume  proaspete, f\u0103r\u0103 conservan\u021bi, arome sau coloran\u021bi artificiali.\n\n\n<\/p>\n\t\t\t\t\t\t<div class=\"btn-box\">\n\t\t\t\t\t\t\t<a href=\"#\"\n\t\t\t\t\t\t\t\tclass=\"theme-btn\">Citeste mai mult<\/a>\n\t\t\t\t\t\t<\/div>\n\t\t\t\t\t<\/div>\n\t\t\t\t<\/div>\n\t\t\t<\/div>\n\t\t\t\t\t<\/div>\n\n\t<\/div>\n<\/section>\n\n\t\t\t\t\t\t\t\t<\/div>\n\t\t\t\t<\/div>\n\t\t\t\t\t<\/div>\n\t\t<\/div>\n\t\t\t\t\t<\/div>\n\t\t<\/section>\n\t\t\t\t<section class=\"elementor-section elementor-top-section elementor-element elementor-element-df63ae8 elementor-section-stretched elementor-section-full_width elementor-section-height-default elementor-section-height-default\" data-id=\"df63ae8\" data-element_type=\"section\" data-settings=\"{&quot;stretch_section&quot;:&quot;section-stretched&quot;}\">\n\t\t\t\t\t\t<div class=\"elementor-container elementor-column-gap-narrow\">\n\t\t\t\t\t<div class=\"elementor-column elementor-col-100 elementor-top-column elementor-element elementor-element-d30b3e7\" data-id=\"d30b3e7\" data-element_type=\"column\">\n\t\t\t<div class=\"elementor-widget-wrap elementor-element-populated\">\n\t\t\t\t\t\t<div class=\"elementor-element elementor-element-3b54066 elementor-widget elementor-widget-carneshop_clients\" data-id=\"3b54066\" data-element_type=\"widget\" data-widget_type=\"carneshop_clients.default\">\n\t\t\t\t<div class=\"elementor-widget-container\">\n\t\t\t\t\t <section class=\"clients-section\">\n\t<div class=\"auto-container\">\n\t\t<div class=\"clients-carousel owl-carousel owl-theme owl-dots-none owl-nav-none\">\n\t\t\t\t\t<figure class=\"logo-image\">\n\t\t\t<a href=\"#\" target=\"_blank\" rel=\"nofollow\">\t\t\t<img decoding=\"async\" width=\"500\" height=\"500\" src=\"https:\/\/msir.ro\/wp-content\/uploads\/2022\/02\/iso-22000-food-safety-certification-500x500-1.png\" class=\"attachment-full size-full\" alt=\"\" \/>\t\t\t<\/a>\n\t\t\t<\/figure> \n\t\t\t\t\t<figure class=\"logo-image\">\n\t\t\t<a href=\"#\" target=\"_blank\" rel=\"nofollow\">\t\t\t<img decoding=\"async\" width=\"225\" height=\"225\" src=\"https:\/\/msir.ro\/wp-content\/uploads\/2022\/02\/download-6.png\" class=\"attachment-full size-full\" alt=\"\" \/>\t\t\t<\/a>\n\t\t\t<\/figure> \n\t\t\t\t\t<figure class=\"logo-image\">\n\t\t\t<a href=\"#\" target=\"_blank\" rel=\"nofollow\">\t\t\t<img loading=\"lazy\" decoding=\"async\" width=\"219\" height=\"230\" src=\"https:\/\/msir.ro\/wp-content\/uploads\/2022\/02\/download-7.png\" class=\"attachment-full size-full\" alt=\"\" \/>\t\t\t<\/a>\n\t\t\t<\/figure> \n\t\t\t\t\t<figure class=\"logo-image\">\n\t\t\t<a href=\"#\" target=\"_blank\" rel=\"nofollow\">\t\t\t<img loading=\"lazy\" decoding=\"async\" width=\"225\" height=\"225\" src=\"https:\/\/msir.ro\/wp-content\/uploads\/2022\/02\/images-1.png\" class=\"attachment-full size-full\" alt=\"\" \/>\t\t\t<\/a>\n\t\t\t<\/figure> \n\t\t\t\t\t<figure class=\"logo-image\">\n\t\t\t<a href=\"\" target=\"_blank\" rel=\"nofollow\">\t\t\t<img loading=\"lazy\" decoding=\"async\" width=\"225\" height=\"225\" src=\"https:\/\/msir.ro\/wp-content\/uploads\/2022\/02\/download-4.png\" class=\"attachment-full size-full\" alt=\"\" \/>\t\t\t<\/a>\n\t\t\t<\/figure> \n\t\t\n\t\t<\/div>\n\t<\/div>\n<\/section>\n\t\t\t\t\t\t<\/div>\n\t\t\t\t<\/div>\n\t\t\t\t\t<\/div>\n\t\t<\/div>\n\t\t\t\t\t<\/div>\n\t\t<\/section>\n\t\t\t\t<\/div>","protected":false},"excerpt":{"rendered":"<p>About Our Firm\u2019s Starting with April 2007, the unit was approved as a European company that meets all the hygiene and quality requirements required by European norms, being among the first approved units in Romania, with the number 117 EC. At the same time, it has implemented a refurbishment program, all of which allow the <span>&#8230;<\/span><\/p>","protected":false},"author":1,"featured_media":0,"parent":0,"menu_order":0,"comment_status":"closed","ping_status":"closed","template":"","meta":{"footnotes":""},"class_list":["post-68","page","type-page","status-publish","hentry"],"_links":{"self":[{"href":"https:\/\/msir.ro\/ro\/wp-json\/wp\/v2\/pages\/68","targetHints":{"allow":["GET"]}}],"collection":[{"href":"https:\/\/msir.ro\/ro\/wp-json\/wp\/v2\/pages"}],"about":[{"href":"https:\/\/msir.ro\/ro\/wp-json\/wp\/v2\/types\/page"}],"author":[{"embeddable":true,"href":"https:\/\/msir.ro\/ro\/wp-json\/wp\/v2\/users\/1"}],"replies":[{"embeddable":true,"href":"https:\/\/msir.ro\/ro\/wp-json\/wp\/v2\/comments?post=68"}],"version-history":[{"count":87,"href":"https:\/\/msir.ro\/ro\/wp-json\/wp\/v2\/pages\/68\/revisions"}],"predecessor-version":[{"id":2430,"href":"https:\/\/msir.ro\/ro\/wp-json\/wp\/v2\/pages\/68\/revisions\/2430"}],"wp:attachment":[{"href":"https:\/\/msir.ro\/ro\/wp-json\/wp\/v2\/media?parent=68"}],"curies":[{"name":"wp","href":"https:\/\/api.w.org\/{rel}","templated":true}]}}